{"id":1046,"date":"2025-11-12T14:04:27","date_gmt":"2025-11-12T14:04:27","guid":{"rendered":"https:\/\/www.consmi.it\/?page_id=1046"},"modified":"2026-02-24T09:46:32","modified_gmt":"2026-02-24T08:46:32","slug":"coro-di-voci-bianche","status":"publish","type":"page","link":"https:\/\/www.consmi.it\/en\/istituti-del-conservatorio\/coro-di-voci-bianche\/","title":{"rendered":"Children's Choir"},"content":{"rendered":"<style type=\"text\/css\" data-created_by=\"avia_inline_auto\" id=\"style-css-av-mhlwf2r7-6a1d8276ffa4a3ed99ee9dbc4df3faab\">\n.avia-section.av-mhlwf2r7-6a1d8276ffa4a3ed99ee9dbc4df3faab .av-parallax .av-parallax-inner{\nbackground-repeat:no-repeat;\nbackground-image:url(https:\/\/www.consmi.it\/wp-content\/uploads\/2025\/11\/Coro-voci-bianche.jpeg);\nbackground-position:50% 50%;\nbackground-attachment:scroll;\n}\n<\/style>\n<div id='av_section_1'  class='avia-section av-mhlwf2r7-6a1d8276ffa4a3ed99ee9dbc4df3faab main_color avia-section-default avia-no-border-styling  avia-builder-el-0  el_before_av_section  avia-builder-el-first  avia-full-stretch av-parallax-section avia-bg-style-parallax av-minimum-height av-minimum-height-50 av-height-50  container_wrap fullsize'  data-section-bg-repeat='stretch' data-av_minimum_height_pc='50' data-av_min_height_opt='50'><div class='av-parallax' data-avia-parallax-ratio='0.3' ><div class='av-parallax-inner main_color avia-full-stretch'><\/div><\/div><div class='container av-section-cont-open' ><main  role=\"main\" itemprop=\"mainContentOfPage\"  class='template-page content  av-content-full alpha units'><div class='post-entry post-entry-type-page post-entry-1046'><div class='entry-content-wrapper clearfix'>\n\n<style type=\"text\/css\" data-created_by=\"avia_inline_auto\" id=\"style-css-av-mhlxu31z-bac3ce266d27a1341175e4a0bd204ab7\">\n#top .av-special-heading.av-mhlxu31z-bac3ce266d27a1341175e4a0bd204ab7{\npadding-bottom:10px;\ncolor:#ffffff;\n}\nbody .av-special-heading.av-mhlxu31z-bac3ce266d27a1341175e4a0bd204ab7 .av-special-heading-tag .heading-char{\nfont-size:25px;\n}\n.av-special-heading.av-mhlxu31z-bac3ce266d27a1341175e4a0bd204ab7 .special-heading-inner-border{\nborder-color:#ffffff;\n}\n.av-special-heading.av-mhlxu31z-bac3ce266d27a1341175e4a0bd204ab7 .av-subheading{\nfont-size:15px;\n}\nbody .av-special-heading.av-mhlxu31z-bac3ce266d27a1341175e4a0bd204ab7 .av-special-heading-tag .heading-wrap:before{\nborder-color:#ffffff;\n}\nbody .av-special-heading.av-mhlxu31z-bac3ce266d27a1341175e4a0bd204ab7 .av-special-heading-tag .heading-wrap:after{\nborder-color:#ffffff;\n}\n\n@media only screen and (min-width: 990px){ \n#top #wrap_all .av-special-heading.av-mhlxu31z-bac3ce266d27a1341175e4a0bd204ab7 .av-special-heading-tag{\nfont-size:60px;\n}\n}\n<\/style>\n<div  class='av-special-heading av-mhlxu31z-bac3ce266d27a1341175e4a0bd204ab7 av-special-heading-h1 custom-color-heading blockquote classic-quote classic-quote-left  avia-builder-el-1  avia-builder-el-no-sibling'><h1 class='av-special-heading-tag'  itemprop=\"headline\"  >Children's Choir<\/h1><div class=\"special-heading-border\"><div class=\"special-heading-inner-border\"><\/div><\/div><\/div>\n\n<\/div><\/div><\/main><!-- close content main element --><\/div><\/div><div id='av_section_2'  class='avia-section av-ur57-de7df907404d2912e663238955b7639e main_color avia-section-default avia-no-border-styling  avia-builder-el-2  el_after_av_section  avia-builder-el-last  avia-bg-style-scroll container_wrap fullsize'  ><div class='container av-section-cont-open' ><div class='template-page content  av-content-full alpha units'><div class='post-entry post-entry-type-page post-entry-1046'><div class='entry-content-wrapper clearfix'>\n<div  class='flex_column av-mtzmn-4bf69e8000ac63ffb5369738211571e8 av_one_full  avia-builder-el-3  el_before_av_one_full  avia-builder-el-first  first flex_column_div'     ><section  class='av_textblock_section av-mhp0ly0o-befd8a6dd019e2d208e5282c604d6070'   itemscope=\"itemscope\" itemtype=\"https:\/\/schema.org\/CreativeWork\" ><div class='avia_textblock'  itemprop=\"text\" ><p>Fino all\u2019anno 2010\/11 il Corso dedicato alle voci bianche si \u00e8 tenuto in collaborazione con il Teatro alla Scala, come Coro di voci bianche del Teatro alla Scala e del Conservatorio G. Verdi, in virt\u00f9 di una convenzione stipulata tra i due enti. Da allora il Coro \u00e8 gestito totalmente dal Conservatorio che ha mantenuto il Corso corale di voci bianche. Scelta volta a favorire la coralit\u00e0 come espressione di educazione musicale per l\u2019infanzia: l\u2019attivit\u00e0 corale rappresenta una risorsa educativa imprescindibile per i ragazzi dai 7 ai 12 anni.<\/p>\n<p>I pi\u00f9 grandi compositori hanno scritto per coro di voci bianche: la tradizione legata ai Pueri cantores e alle Scholae Cantorum in Italia; la tradizione dei Kinderchor e dei Knabenchor, presente soprattutto nei paesi di lingua tedesca; l\u2019attenzione nei riguardi della musica infantile nei paesi dell\u2019Est europeo ce ne danno testimonianza.<\/p>\n<p>L\u2019approccio alla musica attraverso l\u2019esperienza vocale e corale rappresenta il miglior modo per avvicinare i bambini e i ragazzi al mondo dei suoni: l\u2019esperienza del lavoro di questi anni conferma l\u2019entusiasmo con il quale i ragazzi si applicano, provando gioia nel cantare insieme.<\/p>\n<p>Attualmente il coro \u00e8 formato da circa cinquanta elementi, divisi tra corso propedeutico (la cui durata varia a seconda dell\u2019et\u00e0 del bambino e alle sue capacit\u00e0 vocali; durante il quale gli allievi apprendono i principi della tecnica vocale e della lettura musicale) e coro vero e proprio. La formazione delle classi pone al centro dell\u2019iter formativo il rispetto della personalit\u00e0 del bambino. La responsabilit\u00e0 di questo percorso \u00e8 affidata a persone di grande competenza e rigore morale: doti fondamentali per l\u2019insegnamento, in particolare nel periodo dell\u2019infanzia. Terminata la fase propedeutica, i bambini sono ammessi al coro dove fanno esperienza di quel meraviglioso mondo artistico che \u00e8 rappresentato dalle composizioni dedicate alle voci bianche.<\/p>\n<p>Il Coro di voci bianche partecipa a manifestazioni all\u2019interno e all\u2019esterno del Conservatorio.<\/p>\n<p>Per quanto riguarda le iniziative interne, uno dei momenti pi\u00f9 importanti \u00e8 rappresentato dalle manifestazioni organizzate in occasione del Giorno della Memoria, durante le quali il coro esegue musiche di compositori di origine ebraica o elaborazioni scritte appositamente per l\u2019occasione basate su melodie tradizionali ebraiche.<br \/>\nPer quanto riguarda altre manifestazioni organizzate in Conservatorio, il coro partecipa da anni alle rassegne U.S.C.I. e I.C.M, dedicate ai cori e alle formazioni scolastiche e giovanili. Prende parte altres\u00ec ai concerti organizzati nell\u2019ambito delle rassegne musicali del Conservatorio. In questi anni il coro \u00e8 stato invitato anche ad esibirsi al di fuori della realt\u00e0 del Conservatorio a conferma della bont\u00e0 del progetto e del livello raggiunto.<\/p>\n<p>Il repertorio proposto nei concerti \u00e8 prevalentemente classico e spazia dalla musica sacra alla profana, dalla musica popolare a quella dedicata ai cori infantili.<\/p>\n<p>Non di meno il Coro si \u00e8 dedicato anche al repertorio operistico.<\/p>\n<p>La preparazione e la direzione del Coro di voci bianche sono affidate al M\u00b0\u00a0<a href=\"https:\/\/www.consmi.it\/it\/477\/docenti\/5319\/cazzaniga-edoardo\">Edoardo Cazzaniga<\/a>, teacher of Choral Exercises.<\/p>\n<p>Dall&#8217;anno accademico 2023\/2024 le attivit\u00e0 del Coro di voci bianche si svolgono in ricordo di Andrea Spataro.<\/p>\n<\/div><\/section><\/div><div  class='flex_column av-23qknd-57a885f5a5ee5ea12e44be6f74176e40 av_one_full  avia-builder-el-5  el_after_av_one_full  el_before_av_one_full  first flex_column_div  column-top-margin'     ><section  class='av_textblock_section av-mhw1bdhd-2b725f13e36f7c9cd0190f0c0f4d4fcb'   itemscope=\"itemscope\" itemtype=\"https:\/\/schema.org\/CreativeWork\" ><div class='avia_textblock'  itemprop=\"text\" ><h2 class=\"card-title text-secondary font-600 font-30\">Edition 2024-2025<\/h2>\n<\/div><\/section><br \/>\n<div  class='avia-icon-list-container av-mhw1f7q5-912e1ac3d0a4ec2a79e397f8e448c09d  avia-builder-el-7  el_after_av_textblock  avia-builder-el-last'><ul class='avia-icon-list avia_animate_when_almost_visible avia-icon-list-left av-iconlist-big av-mhw1f7q5-912e1ac3d0a4ec2a79e397f8e448c09d avia-iconlist-animate'>\n<li><a href='https:\/\/www.consmi.it\/wp-content\/uploads\/2025\/11\/Coro-di-voci-bianche-Programma-concerto-23-marzo-2025.pdf' title='Concert on 23 March 2025'  target=\"_blank\"  rel=\"noopener noreferrer\" class='iconlist_icon av-mhw1csmm-37ec93f0a0b1fb23c08ae566b90d8cc5 avia-font-svg_entypo-fontello avia-svg-icon avia-font-svg_entypo-fontello'><span class='av-icon-char' data-av_svg_icon='download' data-av_iconset='svg_entypo-fontello'><svg version=\"1.1\" xmlns=\"http:\/\/www.w3.org\/2000\/svg\" width=\"32\" height=\"32\" viewbox=\"0 0 32 32\" preserveaspectratio=\"xMidYMid meet\" aria-labelledby='av-svg-title-1' aria-describedby='av-svg-desc-1' role=\"graphics-symbol\" aria-hidden=\"true\">\n<title id='av-svg-title-1'>Download<\/title>\n<desc id='av-svg-desc-1'>Download<\/desc>\n<path d=\"M30.976 20.864q0.576 0.32 0.864 1.024t0.096 1.28l-0.896 4.928q-0.128 0.64-0.704 1.056t-1.28 0.416h-26.112q-0.704 0-1.28-0.416t-0.704-1.056l-0.896-4.928q-0.32-1.536 1.024-2.304l5.056-3.456h3.136l-5.44 4.16h5.696q0.256 0 0.384 0.256l1.28 3.52h9.6l1.28-3.52q0.256-0.256 0.384-0.256h5.696l-5.44-4.16h3.136zM24.32 10.56l-8.32 7.808-8.32-7.808h5.312v-8.192h6.080v8.192h5.248z\"><\/path>\n<\/svg><\/span><\/a><article class=\"article-icon-entry\"  itemscope=\"itemscope\" itemtype=\"https:\/\/schema.org\/CreativeWork\" ><div class=\"iconlist_content_wrap\"><header class=\"entry-content-header\" aria-label=\"Icon: &lt;a href=&#039;https:\/\/www.consmi.it\/wp-content\/uploads\/2025\/11\/Coro-di-voci-bianche-Programma-concerto-23-marzo-2025.pdf&#039; title=&#039;Concert on 23 March 2025&#039; target=&quot;_blank&quot;  rel=&quot;noopener noreferrer&quot;&gt;Concert on 23 March 2025&lt;\/a&gt;\"><h4 class='av_iconlist_title iconlist_title'  itemprop=\"headline\" ><a href='https:\/\/www.consmi.it\/wp-content\/uploads\/2025\/11\/Coro-di-voci-bianche-Programma-concerto-23-marzo-2025.pdf' title='Concert on 23 March 2025' target=\"_blank\"  rel=\"noopener noreferrer\">Concert on 23 March 2025<\/a><\/h4><\/header><div class='iconlist_content'  itemprop=\"text\" ><p>976 kb<\/p>\n<\/div><\/div><footer class=\"entry-footer\"><\/footer><\/article><div class=\"iconlist-timeline\"><\/div><\/li>\n<\/ul><\/div><\/p><\/div><div  class='flex_column av-4548za-9002d730cd508dc6e3872420acd86424 av_one_full  avia-builder-el-8  el_after_av_one_full  avia-builder-el-last  first flex_column_div  column-top-margin'     ><section  class='av_textblock_section av-mhw2l1sw-27b4b108a2808be396ce985a59bc49ec'   itemscope=\"itemscope\" itemtype=\"https:\/\/schema.org\/CreativeWork\" ><div class='avia_textblock'  itemprop=\"text\" ><h2 class=\"card-title text-secondary font-600 font-30\">Edition 2023-2024<\/h2>\n<p><strong>Dall&#8217;anno accademico 2023\/2024, le attivit\u00e0 del Coro di voci bianche del Conservatorio di Milano si svolgono in ricordo di Andrea Spataro.<\/strong><\/p>\n<\/div><\/section><\/div>","protected":false},"excerpt":{"rendered":"","protected":false},"author":1,"featured_media":0,"parent":1000,"menu_order":0,"comment_status":"closed","ping_status":"closed","template":"","meta":{"_acf_changed":false,"footnotes":""},"class_list":["post-1046","page","type-page","status-publish","hentry"],"acf":[],"yoast_head":"<!-- This site is optimized with the Yoast SEO plugin v27.3 - https:\/\/yoast.com\/product\/yoast-seo-wordpress\/ -->\n<title>Coro di voci bianche - Conservatorio Milano<\/title>\n<meta name=\"description\" content=\"L\u2019approccio alla musica attraverso l\u2019esperienza vocale e corale rappresenta il miglior modo per avvicinare i bambini e i ragazzi al mondo dei suoni\" \/>\n<meta name=\"robots\" content=\"index, follow, max-snippet:-1, max-image-preview:large, max-video-preview:-1\" \/>\n<link rel=\"canonical\" href=\"https:\/\/www.consmi.it\/en\/istituti-del-conservatorio\/coro-di-voci-bianche\/\" \/>\n<meta property=\"og:locale\" content=\"en_GB\" \/>\n<meta property=\"og:type\" content=\"article\" \/>\n<meta property=\"og:title\" content=\"Coro di voci bianche - Conservatorio Milano\" \/>\n<meta property=\"og:description\" content=\"L\u2019approccio alla musica attraverso l\u2019esperienza vocale e corale rappresenta il miglior modo per avvicinare i bambini e i ragazzi al mondo dei suoni\" \/>\n<meta property=\"og:url\" content=\"https:\/\/www.consmi.it\/en\/istituti-del-conservatorio\/coro-di-voci-bianche\/\" \/>\n<meta property=\"og:site_name\" content=\"Conservatorio Milano\" \/>\n<meta property=\"article:publisher\" content=\"https:\/\/www.facebook.com\/ConservatorioMI\/\" \/>\n<meta property=\"article:modified_time\" content=\"2026-02-24T08:46:32+00:00\" \/>\n<meta name=\"twitter:card\" content=\"summary_large_image\" \/>\n<meta name=\"twitter:site\" content=\"@ConservatorioMI\" \/>\n<meta name=\"twitter:label1\" content=\"Estimated reading time\" \/>\n\t<meta name=\"twitter:data1\" content=\"3 minutes\" \/>\n<script type=\"application\/ld+json\" class=\"yoast-schema-graph\">{\"@context\":\"https:\\\/\\\/schema.org\",\"@graph\":[{\"@type\":\"WebPage\",\"@id\":\"https:\\\/\\\/www.consmi.it\\\/istituti-del-conservatorio\\\/coro-di-voci-bianche\\\/\",\"url\":\"https:\\\/\\\/www.consmi.it\\\/istituti-del-conservatorio\\\/coro-di-voci-bianche\\\/\",\"name\":\"Coro di voci bianche - Conservatorio Milano\",\"isPartOf\":{\"@id\":\"https:\\\/\\\/www.consmi.it\\\/#website\"},\"datePublished\":\"2025-11-12T14:04:27+00:00\",\"dateModified\":\"2026-02-24T08:46:32+00:00\",\"description\":\"L\u2019approccio alla musica attraverso l\u2019esperienza vocale e corale rappresenta il miglior modo per avvicinare i bambini e i ragazzi al mondo dei suoni\",\"breadcrumb\":{\"@id\":\"https:\\\/\\\/www.consmi.it\\\/istituti-del-conservatorio\\\/coro-di-voci-bianche\\\/#breadcrumb\"},\"inLanguage\":\"en-GB\",\"potentialAction\":[{\"@type\":\"ReadAction\",\"target\":[\"https:\\\/\\\/www.consmi.it\\\/istituti-del-conservatorio\\\/coro-di-voci-bianche\\\/\"]}]},{\"@type\":\"BreadcrumbList\",\"@id\":\"https:\\\/\\\/www.consmi.it\\\/istituti-del-conservatorio\\\/coro-di-voci-bianche\\\/#breadcrumb\",\"itemListElement\":[{\"@type\":\"ListItem\",\"position\":1,\"name\":\"Home\",\"item\":\"https:\\\/\\\/www.consmi.it\\\/homepage\\\/\"},{\"@type\":\"ListItem\",\"position\":2,\"name\":\"Istituti del Conservatorio\",\"item\":\"https:\\\/\\\/www.consmi.it\\\/istituti-del-conservatorio\\\/\"},{\"@type\":\"ListItem\",\"position\":3,\"name\":\"Coro di voci bianche\"}]},{\"@type\":\"WebSite\",\"@id\":\"https:\\\/\\\/www.consmi.it\\\/#website\",\"url\":\"https:\\\/\\\/www.consmi.it\\\/\",\"name\":\"Conservatorio Milano\",\"description\":\"Conservatorio di Musica Giuseppe Verdi\",\"publisher\":{\"@id\":\"https:\\\/\\\/www.consmi.it\\\/#organization\"},\"potentialAction\":[{\"@type\":\"SearchAction\",\"target\":{\"@type\":\"EntryPoint\",\"urlTemplate\":\"https:\\\/\\\/www.consmi.it\\\/?s={search_term_string}\"},\"query-input\":{\"@type\":\"PropertyValueSpecification\",\"valueRequired\":true,\"valueName\":\"search_term_string\"}}],\"inLanguage\":\"en-GB\"},{\"@type\":\"Organization\",\"@id\":\"https:\\\/\\\/www.consmi.it\\\/#organization\",\"name\":\"Conservatorio di Musica \u201cGiuseppe Verdi\u201d\",\"url\":\"https:\\\/\\\/www.consmi.it\\\/\",\"logo\":{\"@type\":\"ImageObject\",\"inLanguage\":\"en-GB\",\"@id\":\"https:\\\/\\\/www.consmi.it\\\/#\\\/schema\\\/logo\\\/image\\\/\",\"url\":\"https:\\\/\\\/www.consmi.it\\\/wp-content\\\/uploads\\\/2025\\\/10\\\/logo-favicon-1.jpg\",\"contentUrl\":\"https:\\\/\\\/www.consmi.it\\\/wp-content\\\/uploads\\\/2025\\\/10\\\/logo-favicon-1.jpg\",\"width\":100,\"height\":100,\"caption\":\"Conservatorio di Musica \u201cGiuseppe Verdi\u201d\"},\"image\":{\"@id\":\"https:\\\/\\\/www.consmi.it\\\/#\\\/schema\\\/logo\\\/image\\\/\"},\"sameAs\":[\"https:\\\/\\\/www.facebook.com\\\/ConservatorioMI\\\/\",\"https:\\\/\\\/x.com\\\/ConservatorioMI\",\"https:\\\/\\\/www.instagram.com\\\/conservatorio_milano\\\/\",\"https:\\\/\\\/www.youtube.com\\\/channel\\\/UCiRafFpJ4Tak2lMHP-E9agw\"]}]}<\/script>\n<!-- \/ Yoast SEO plugin. -->","yoast_head_json":{"title":"Coro di voci bianche - Conservatorio Milano","description":"L\u2019approccio alla musica attraverso l\u2019esperienza vocale e corale rappresenta il miglior modo per avvicinare i bambini e i ragazzi al mondo dei suoni","robots":{"index":"index","follow":"follow","max-snippet":"max-snippet:-1","max-image-preview":"max-image-preview:large","max-video-preview":"max-video-preview:-1"},"canonical":"https:\/\/www.consmi.it\/en\/istituti-del-conservatorio\/coro-di-voci-bianche\/","og_locale":"en_GB","og_type":"article","og_title":"Coro di voci bianche - Conservatorio Milano","og_description":"L\u2019approccio alla musica attraverso l\u2019esperienza vocale e corale rappresenta il miglior modo per avvicinare i bambini e i ragazzi al mondo dei suoni","og_url":"https:\/\/www.consmi.it\/en\/istituti-del-conservatorio\/coro-di-voci-bianche\/","og_site_name":"Conservatorio Milano","article_publisher":"https:\/\/www.facebook.com\/ConservatorioMI\/","article_modified_time":"2026-02-24T08:46:32+00:00","twitter_card":"summary_large_image","twitter_site":"@ConservatorioMI","twitter_misc":{"Estimated reading time":"3 minutes"},"schema":{"@context":"https:\/\/schema.org","@graph":[{"@type":"WebPage","@id":"https:\/\/www.consmi.it\/istituti-del-conservatorio\/coro-di-voci-bianche\/","url":"https:\/\/www.consmi.it\/istituti-del-conservatorio\/coro-di-voci-bianche\/","name":"Coro di voci bianche - Conservatorio Milano","isPartOf":{"@id":"https:\/\/www.consmi.it\/#website"},"datePublished":"2025-11-12T14:04:27+00:00","dateModified":"2026-02-24T08:46:32+00:00","description":"L\u2019approccio alla musica attraverso l\u2019esperienza vocale e corale rappresenta il miglior modo per avvicinare i bambini e i ragazzi al mondo dei suoni","breadcrumb":{"@id":"https:\/\/www.consmi.it\/istituti-del-conservatorio\/coro-di-voci-bianche\/#breadcrumb"},"inLanguage":"en-GB","potentialAction":[{"@type":"ReadAction","target":["https:\/\/www.consmi.it\/istituti-del-conservatorio\/coro-di-voci-bianche\/"]}]},{"@type":"BreadcrumbList","@id":"https:\/\/www.consmi.it\/istituti-del-conservatorio\/coro-di-voci-bianche\/#breadcrumb","itemListElement":[{"@type":"ListItem","position":1,"name":"Home","item":"https:\/\/www.consmi.it\/homepage\/"},{"@type":"ListItem","position":2,"name":"Istituti del Conservatorio","item":"https:\/\/www.consmi.it\/istituti-del-conservatorio\/"},{"@type":"ListItem","position":3,"name":"Coro di voci bianche"}]},{"@type":"WebSite","@id":"https:\/\/www.consmi.it\/#website","url":"https:\/\/www.consmi.it\/","name":"Milan Conservatory","description":"Giuseppe Verdi Conservatory of Music","publisher":{"@id":"https:\/\/www.consmi.it\/#organization"},"potentialAction":[{"@type":"SearchAction","target":{"@type":"EntryPoint","urlTemplate":"https:\/\/www.consmi.it\/?s={search_term_string}"},"query-input":{"@type":"PropertyValueSpecification","valueRequired":true,"valueName":"search_term_string"}}],"inLanguage":"en-GB"},{"@type":"Organization","@id":"https:\/\/www.consmi.it\/#organization","name":"Giuseppe Verdi\u201c Conservatory of Music\u201d","url":"https:\/\/www.consmi.it\/","logo":{"@type":"ImageObject","inLanguage":"en-GB","@id":"https:\/\/www.consmi.it\/#\/schema\/logo\/image\/","url":"https:\/\/www.consmi.it\/wp-content\/uploads\/2025\/10\/logo-favicon-1.jpg","contentUrl":"https:\/\/www.consmi.it\/wp-content\/uploads\/2025\/10\/logo-favicon-1.jpg","width":100,"height":100,"caption":"Conservatorio di Musica \u201cGiuseppe Verdi\u201d"},"image":{"@id":"https:\/\/www.consmi.it\/#\/schema\/logo\/image\/"},"sameAs":["https:\/\/www.facebook.com\/ConservatorioMI\/","https:\/\/x.com\/ConservatorioMI","https:\/\/www.instagram.com\/conservatorio_milano\/","https:\/\/www.youtube.com\/channel\/UCiRafFpJ4Tak2lMHP-E9agw"]}]}},"_links":{"self":[{"href":"https:\/\/www.consmi.it\/en\/wp-json\/wp\/v2\/pages\/1046","targetHints":{"allow":["GET"]}}],"collection":[{"href":"https:\/\/www.consmi.it\/en\/wp-json\/wp\/v2\/pages"}],"about":[{"href":"https:\/\/www.consmi.it\/en\/wp-json\/wp\/v2\/types\/page"}],"author":[{"embeddable":true,"href":"https:\/\/www.consmi.it\/en\/wp-json\/wp\/v2\/users\/1"}],"replies":[{"embeddable":true,"href":"https:\/\/www.consmi.it\/en\/wp-json\/wp\/v2\/comments?post=1046"}],"version-history":[{"count":6,"href":"https:\/\/www.consmi.it\/en\/wp-json\/wp\/v2\/pages\/1046\/revisions"}],"predecessor-version":[{"id":6235,"href":"https:\/\/www.consmi.it\/en\/wp-json\/wp\/v2\/pages\/1046\/revisions\/6235"}],"up":[{"embeddable":true,"href":"https:\/\/www.consmi.it\/en\/wp-json\/wp\/v2\/pages\/1000"}],"wp:attachment":[{"href":"https:\/\/www.consmi.it\/en\/wp-json\/wp\/v2\/media?parent=1046"}],"curies":[{"name":"wp","href":"https:\/\/api.w.org\/{rel}","templated":true}]}}