{"id":1218,"date":"2025-11-12T16:05:02","date_gmt":"2025-11-12T16:05:02","guid":{"rendered":"https:\/\/www.consmi.it\/?page_id=1218"},"modified":"2026-02-24T10:11:30","modified_gmt":"2026-02-24T09:11:30","slug":"corsi-di-diploma-accademico-di-i-livello-trienni","status":"publish","type":"page","link":"https:\/\/www.consmi.it\/en\/offerta-formativa\/offerta-didattica\/corsi-di-diploma-accademico-di-i-livello-trienni\/","title":{"rendered":"First Level Academic Diploma Courses (Three Years)"},"content":{"rendered":"<style type=\"text\/css\" data-created_by=\"avia_inline_auto\" id=\"style-css-av-mhlwf2r7-78079b594f1826db5fff959eef83c484\">\n.avia-section.av-mhlwf2r7-78079b594f1826db5fff959eef83c484 .av-parallax .av-parallax-inner{\nbackground-repeat:no-repeat;\nbackground-image:url(https:\/\/www.consmi.it\/wp-content\/uploads\/2025\/11\/Corsi-di-Diploma-accademico-di-I-livello-Trienni.jpg);\nbackground-position:50% 50%;\nbackground-attachment:scroll;\n}\n<\/style>\n<div id='av_section_1'  class='avia-section av-mhlwf2r7-78079b594f1826db5fff959eef83c484 main_color avia-section-default avia-no-border-styling  avia-builder-el-0  el_before_av_section  avia-builder-el-first  avia-full-stretch av-parallax-section avia-bg-style-parallax av-minimum-height av-minimum-height-50 av-height-50  container_wrap fullsize'  data-section-bg-repeat='stretch' data-av_minimum_height_pc='50' data-av_min_height_opt='50'><div class='av-parallax' data-avia-parallax-ratio='0.3' ><div class='av-parallax-inner main_color avia-full-stretch'><\/div><\/div><div class='container av-section-cont-open' ><main  role=\"main\" itemprop=\"mainContentOfPage\"  class='template-page content  av-content-full alpha units'><div class='post-entry post-entry-type-page post-entry-1218'><div class='entry-content-wrapper clearfix'>\n\n<style type=\"text\/css\" data-created_by=\"avia_inline_auto\" id=\"style-css-av-mhlxu31z-bac3ce266d27a1341175e4a0bd204ab7\">\n#top .av-special-heading.av-mhlxu31z-bac3ce266d27a1341175e4a0bd204ab7{\npadding-bottom:10px;\ncolor:#ffffff;\n}\nbody .av-special-heading.av-mhlxu31z-bac3ce266d27a1341175e4a0bd204ab7 .av-special-heading-tag .heading-char{\nfont-size:25px;\n}\n.av-special-heading.av-mhlxu31z-bac3ce266d27a1341175e4a0bd204ab7 .special-heading-inner-border{\nborder-color:#ffffff;\n}\n.av-special-heading.av-mhlxu31z-bac3ce266d27a1341175e4a0bd204ab7 .av-subheading{\nfont-size:15px;\n}\nbody .av-special-heading.av-mhlxu31z-bac3ce266d27a1341175e4a0bd204ab7 .av-special-heading-tag .heading-wrap:before{\nborder-color:#ffffff;\n}\nbody .av-special-heading.av-mhlxu31z-bac3ce266d27a1341175e4a0bd204ab7 .av-special-heading-tag .heading-wrap:after{\nborder-color:#ffffff;\n}\n\n@media only screen and (min-width: 990px){ \n#top #wrap_all .av-special-heading.av-mhlxu31z-bac3ce266d27a1341175e4a0bd204ab7 .av-special-heading-tag{\nfont-size:60px;\n}\n}\n<\/style>\n<div  class='av-special-heading av-mhlxu31z-bac3ce266d27a1341175e4a0bd204ab7 av-special-heading-h1 custom-color-heading blockquote classic-quote classic-quote-left  avia-builder-el-1  avia-builder-el-no-sibling'><h1 class='av-special-heading-tag'  itemprop=\"headline\"  >First Level Academic Diploma Courses (Three Years)<\/h1><div class=\"special-heading-border\"><div class=\"special-heading-inner-border\"><\/div><\/div><\/div>\n\n<\/div><\/div><\/main><!-- close content main element --><\/div><\/div><div id='av_section_2'  class='avia-section av-ur57-de7df907404d2912e663238955b7639e main_color avia-section-default avia-no-border-styling  avia-builder-el-2  el_after_av_section  avia-builder-el-last  avia-bg-style-scroll container_wrap fullsize'  ><div class='container av-section-cont-open' ><div class='template-page content  av-content-full alpha units'><div class='post-entry post-entry-type-page post-entry-1218'><div class='entry-content-wrapper clearfix'>\n<div  class='flex_column av-mtzmn-4bf69e8000ac63ffb5369738211571e8 av_one_full  avia-builder-el-3  el_before_av_one_full  avia-builder-el-first  first flex_column_div'     ><section  class='av_textblock_section av-mhp0ly0o-befd8a6dd019e2d208e5282c604d6070'   itemscope=\"itemscope\" itemtype=\"https:\/\/schema.org\/CreativeWork\" ><div class='avia_textblock'  itemprop=\"text\" ><h2 class=\"card-title text-secondary font-600 font-30\">What are<\/h2>\n<div class=\"editor-text\">\n<div class=\"editor-text\">\n<p>I corsi di Diploma accademico di I livello (trienni) sono sono stati autorizzati e ordinamenti dal Ministero dell&#8217;Istruzione, Universit\u00e0 e Ricerca, a seguito della Riforma di cui alla Legge 508\/1999.<\/p>\n<p>The qualification, i.e. the\u00a0<strong>Level I academic diploma<\/strong>, non solo \u00e8 equiparato alla laurea triennale delle Universit\u00e0 italiane, ma assicura un curriculum adeguato agli standard europei. L&#8217;intero percorso formativo \u00e8 organizzato secondo un sistema di crediti che, in previsione della certificazione Europea, \u00e8 gi\u00e0 in linea con i principi dell&#8217;<strong>ECTS<\/strong>\u00a0(European Credit Transfer System). Il diploma si consegue con l&#8217;acquisizione di\u00a0<strong>180<\/strong>\u00a0credits.<\/p>\n<p>Ai corsi accademici di I livello si accede previo superamento di un\u00a0esame di ammissione.<\/p>\n<\/div>\n<div class=\"d-flex flex-column\">\n<ul class=\"list-unstyled\">\n<li class=\"list-item border-0 mb-3\"><a href=\"https:\/\/siami.conservatoriodimusica.it\/corsi\/triennio\" target=\"_blank\" rel=\"noopener\">List of courses and curricula<\/a><\/li>\n<\/ul>\n<\/div>\n<\/div>\n<\/div><\/section><\/div><div  class='flex_column av-65hhmt-aed46d45c5117f9d90ddcabf0444d8ab av_one_full  avia-builder-el-5  el_after_av_one_full  el_before_av_one_full  first flex_column_div  column-top-margin'     ><section  class='av_textblock_section av-mhw5e84j-e036ab1d2f70edf071d0c2bfe6f96469'   itemscope=\"itemscope\" itemtype=\"https:\/\/schema.org\/CreativeWork\" ><div class='avia_textblock'  itemprop=\"text\" ><h2 class=\"card-title text-secondary font-600 font-30\">Admissions<\/h2>\n<div class=\"editor-text\">\n<ul>\n<li><a href=\"https:\/\/www.consmi.it\/en\/inizia-gli-studi\/#lammissione\">Admission Procedure<\/a><\/li>\n<\/ul>\n<\/div>\n<\/div><\/section><\/div><div  class='flex_column av-hnb91-2030c31846663f28f8173416fa823309 av_one_full  avia-builder-el-7  el_after_av_one_full  el_before_av_one_full  first flex_column_div  column-top-margin'     ><section  class='av_textblock_section av-mhw5gunl-61edb522b081a1920f4af5d7bf442754'   itemscope=\"itemscope\" itemtype=\"https:\/\/schema.org\/CreativeWork\" ><div class='avia_textblock'  itemprop=\"text\" ><h2 class=\"card-title text-secondary font-600 font-30\">Matriculations (first-year enrolments)<\/h2>\n<div class=\"editor-text\">\n<ul>\n<li><a href=\"https:\/\/www.consmi.it\/en\/inizia-gli-studi\/#limmatricolazione\">Registration procedure<\/a><\/li>\n<\/ul>\n<\/div>\n<\/div><\/section><\/div><div  class='flex_column av-2rgp79-05b518ff97e5d585092b5be4ed645dbc av_one_full  avia-builder-el-9  el_after_av_one_full  avia-builder-el-last  first flex_column_div  column-top-margin'     ><section  class='av_textblock_section av-mhw5kfoj-32ef84bcf36df70bec8e8a91e77f704f'   itemscope=\"itemscope\" itemtype=\"https:\/\/schema.org\/CreativeWork\" ><div class='avia_textblock'  itemprop=\"text\" ><h2 class=\"card-title text-secondary font-600 font-30\">Enrolment in years after the first<\/h2>\n<div class=\"editor-text\">\n<ul>\n<li><a href=\"https:\/\/www.consmi.it\/en\/prosegui-gli-studi\/\">Registration renewal procedure<\/a><\/li>\n<\/ul>\n<\/div>\n<\/div><\/section><\/div>","protected":false},"excerpt":{"rendered":"","protected":false},"author":1,"featured_media":0,"parent":1123,"menu_order":0,"comment_status":"closed","ping_status":"closed","template":"","meta":{"_acf_changed":false,"footnotes":""},"class_list":["post-1218","page","type-page","status-publish","hentry"],"acf":[],"yoast_head":"<!-- This site is optimized with the Yoast SEO plugin v27.3 - https:\/\/yoast.com\/product\/yoast-seo-wordpress\/ -->\n<title>Corsi di Diploma accademico di I livello (Trienni) - Conservatorio Milano<\/title>\n<meta name=\"description\" content=\"Offerta didattica dedicata ai Corsi di Diploma accademico di I livello (Trienni)\" \/>\n<meta name=\"robots\" content=\"index, follow, max-snippet:-1, max-image-preview:large, max-video-preview:-1\" \/>\n<link rel=\"canonical\" href=\"https:\/\/www.consmi.it\/en\/offerta-formativa\/offerta-didattica\/corsi-di-diploma-accademico-di-i-livello-trienni\/\" \/>\n<meta property=\"og:locale\" content=\"en_GB\" \/>\n<meta property=\"og:type\" content=\"article\" \/>\n<meta property=\"og:title\" content=\"Corsi di Diploma accademico di I livello (Trienni) - Conservatorio Milano\" \/>\n<meta property=\"og:description\" content=\"Offerta didattica dedicata ai Corsi di Diploma accademico di I livello (Trienni)\" \/>\n<meta property=\"og:url\" content=\"https:\/\/www.consmi.it\/en\/offerta-formativa\/offerta-didattica\/corsi-di-diploma-accademico-di-i-livello-trienni\/\" \/>\n<meta property=\"og:site_name\" content=\"Conservatorio Milano\" \/>\n<meta property=\"article:publisher\" content=\"https:\/\/www.facebook.com\/ConservatorioMI\/\" \/>\n<meta property=\"article:modified_time\" content=\"2026-02-24T09:11:30+00:00\" \/>\n<meta name=\"twitter:card\" content=\"summary_large_image\" \/>\n<meta name=\"twitter:site\" content=\"@ConservatorioMI\" \/>\n<meta name=\"twitter:label1\" content=\"Estimated reading time\" \/>\n\t<meta name=\"twitter:data1\" content=\"1 minute\" \/>\n<script type=\"application\/ld+json\" class=\"yoast-schema-graph\">{\"@context\":\"https:\\\/\\\/schema.org\",\"@graph\":[{\"@type\":\"WebPage\",\"@id\":\"https:\\\/\\\/www.consmi.it\\\/offerta-formativa\\\/offerta-didattica\\\/corsi-di-diploma-accademico-di-i-livello-trienni\\\/\",\"url\":\"https:\\\/\\\/www.consmi.it\\\/offerta-formativa\\\/offerta-didattica\\\/corsi-di-diploma-accademico-di-i-livello-trienni\\\/\",\"name\":\"Corsi di Diploma accademico di I livello (Trienni) - Conservatorio Milano\",\"isPartOf\":{\"@id\":\"https:\\\/\\\/www.consmi.it\\\/#website\"},\"datePublished\":\"2025-11-12T16:05:02+00:00\",\"dateModified\":\"2026-02-24T09:11:30+00:00\",\"description\":\"Offerta didattica dedicata ai Corsi di Diploma accademico di I livello (Trienni)\",\"breadcrumb\":{\"@id\":\"https:\\\/\\\/www.consmi.it\\\/offerta-formativa\\\/offerta-didattica\\\/corsi-di-diploma-accademico-di-i-livello-trienni\\\/#breadcrumb\"},\"inLanguage\":\"en-GB\",\"potentialAction\":[{\"@type\":\"ReadAction\",\"target\":[\"https:\\\/\\\/www.consmi.it\\\/offerta-formativa\\\/offerta-didattica\\\/corsi-di-diploma-accademico-di-i-livello-trienni\\\/\"]}]},{\"@type\":\"BreadcrumbList\",\"@id\":\"https:\\\/\\\/www.consmi.it\\\/offerta-formativa\\\/offerta-didattica\\\/corsi-di-diploma-accademico-di-i-livello-trienni\\\/#breadcrumb\",\"itemListElement\":[{\"@type\":\"ListItem\",\"position\":1,\"name\":\"Home\",\"item\":\"https:\\\/\\\/www.consmi.it\\\/homepage\\\/\"},{\"@type\":\"ListItem\",\"position\":2,\"name\":\"Offerta formativa\",\"item\":\"https:\\\/\\\/www.consmi.it\\\/offerta-formativa\\\/\"},{\"@type\":\"ListItem\",\"position\":3,\"name\":\"Offerta didattica\",\"item\":\"https:\\\/\\\/www.consmi.it\\\/offerta-formativa\\\/offerta-didattica\\\/\"},{\"@type\":\"ListItem\",\"position\":4,\"name\":\"Corsi di Diploma accademico di I livello (Trienni)\"}]},{\"@type\":\"WebSite\",\"@id\":\"https:\\\/\\\/www.consmi.it\\\/#website\",\"url\":\"https:\\\/\\\/www.consmi.it\\\/\",\"name\":\"Conservatorio Milano\",\"description\":\"Conservatorio di Musica Giuseppe Verdi\",\"publisher\":{\"@id\":\"https:\\\/\\\/www.consmi.it\\\/#organization\"},\"potentialAction\":[{\"@type\":\"SearchAction\",\"target\":{\"@type\":\"EntryPoint\",\"urlTemplate\":\"https:\\\/\\\/www.consmi.it\\\/?s={search_term_string}\"},\"query-input\":{\"@type\":\"PropertyValueSpecification\",\"valueRequired\":true,\"valueName\":\"search_term_string\"}}],\"inLanguage\":\"en-GB\"},{\"@type\":\"Organization\",\"@id\":\"https:\\\/\\\/www.consmi.it\\\/#organization\",\"name\":\"Conservatorio di Musica \u201cGiuseppe Verdi\u201d\",\"url\":\"https:\\\/\\\/www.consmi.it\\\/\",\"logo\":{\"@type\":\"ImageObject\",\"inLanguage\":\"en-GB\",\"@id\":\"https:\\\/\\\/www.consmi.it\\\/#\\\/schema\\\/logo\\\/image\\\/\",\"url\":\"https:\\\/\\\/www.consmi.it\\\/wp-content\\\/uploads\\\/2025\\\/10\\\/logo-favicon-1.jpg\",\"contentUrl\":\"https:\\\/\\\/www.consmi.it\\\/wp-content\\\/uploads\\\/2025\\\/10\\\/logo-favicon-1.jpg\",\"width\":100,\"height\":100,\"caption\":\"Conservatorio di Musica \u201cGiuseppe Verdi\u201d\"},\"image\":{\"@id\":\"https:\\\/\\\/www.consmi.it\\\/#\\\/schema\\\/logo\\\/image\\\/\"},\"sameAs\":[\"https:\\\/\\\/www.facebook.com\\\/ConservatorioMI\\\/\",\"https:\\\/\\\/x.com\\\/ConservatorioMI\",\"https:\\\/\\\/www.instagram.com\\\/conservatorio_milano\\\/\",\"https:\\\/\\\/www.youtube.com\\\/channel\\\/UCiRafFpJ4Tak2lMHP-E9agw\"]}]}<\/script>\n<!-- \/ Yoast SEO plugin. -->","yoast_head_json":{"title":"Corsi di Diploma accademico di I livello (Trienni) - Conservatorio Milano","description":"Offerta didattica dedicata ai Corsi di Diploma accademico di I livello (Trienni)","robots":{"index":"index","follow":"follow","max-snippet":"max-snippet:-1","max-image-preview":"max-image-preview:large","max-video-preview":"max-video-preview:-1"},"canonical":"https:\/\/www.consmi.it\/en\/offerta-formativa\/offerta-didattica\/corsi-di-diploma-accademico-di-i-livello-trienni\/","og_locale":"en_GB","og_type":"article","og_title":"Corsi di Diploma accademico di I livello (Trienni) - Conservatorio Milano","og_description":"Offerta didattica dedicata ai Corsi di Diploma accademico di I livello (Trienni)","og_url":"https:\/\/www.consmi.it\/en\/offerta-formativa\/offerta-didattica\/corsi-di-diploma-accademico-di-i-livello-trienni\/","og_site_name":"Conservatorio Milano","article_publisher":"https:\/\/www.facebook.com\/ConservatorioMI\/","article_modified_time":"2026-02-24T09:11:30+00:00","twitter_card":"summary_large_image","twitter_site":"@ConservatorioMI","twitter_misc":{"Estimated reading time":"1 minute"},"schema":{"@context":"https:\/\/schema.org","@graph":[{"@type":"WebPage","@id":"https:\/\/www.consmi.it\/offerta-formativa\/offerta-didattica\/corsi-di-diploma-accademico-di-i-livello-trienni\/","url":"https:\/\/www.consmi.it\/offerta-formativa\/offerta-didattica\/corsi-di-diploma-accademico-di-i-livello-trienni\/","name":"Corsi di Diploma accademico di I livello (Trienni) - Conservatorio Milano","isPartOf":{"@id":"https:\/\/www.consmi.it\/#website"},"datePublished":"2025-11-12T16:05:02+00:00","dateModified":"2026-02-24T09:11:30+00:00","description":"Offerta didattica dedicata ai Corsi di Diploma accademico di I livello (Trienni)","breadcrumb":{"@id":"https:\/\/www.consmi.it\/offerta-formativa\/offerta-didattica\/corsi-di-diploma-accademico-di-i-livello-trienni\/#breadcrumb"},"inLanguage":"en-GB","potentialAction":[{"@type":"ReadAction","target":["https:\/\/www.consmi.it\/offerta-formativa\/offerta-didattica\/corsi-di-diploma-accademico-di-i-livello-trienni\/"]}]},{"@type":"BreadcrumbList","@id":"https:\/\/www.consmi.it\/offerta-formativa\/offerta-didattica\/corsi-di-diploma-accademico-di-i-livello-trienni\/#breadcrumb","itemListElement":[{"@type":"ListItem","position":1,"name":"Home","item":"https:\/\/www.consmi.it\/homepage\/"},{"@type":"ListItem","position":2,"name":"Offerta formativa","item":"https:\/\/www.consmi.it\/offerta-formativa\/"},{"@type":"ListItem","position":3,"name":"Offerta didattica","item":"https:\/\/www.consmi.it\/offerta-formativa\/offerta-didattica\/"},{"@type":"ListItem","position":4,"name":"Corsi di Diploma accademico di I livello (Trienni)"}]},{"@type":"WebSite","@id":"https:\/\/www.consmi.it\/#website","url":"https:\/\/www.consmi.it\/","name":"Milan Conservatory","description":"Giuseppe Verdi Conservatory of Music","publisher":{"@id":"https:\/\/www.consmi.it\/#organization"},"potentialAction":[{"@type":"SearchAction","target":{"@type":"EntryPoint","urlTemplate":"https:\/\/www.consmi.it\/?s={search_term_string}"},"query-input":{"@type":"PropertyValueSpecification","valueRequired":true,"valueName":"search_term_string"}}],"inLanguage":"en-GB"},{"@type":"Organization","@id":"https:\/\/www.consmi.it\/#organization","name":"Giuseppe Verdi\u201c Conservatory of Music\u201d","url":"https:\/\/www.consmi.it\/","logo":{"@type":"ImageObject","inLanguage":"en-GB","@id":"https:\/\/www.consmi.it\/#\/schema\/logo\/image\/","url":"https:\/\/www.consmi.it\/wp-content\/uploads\/2025\/10\/logo-favicon-1.jpg","contentUrl":"https:\/\/www.consmi.it\/wp-content\/uploads\/2025\/10\/logo-favicon-1.jpg","width":100,"height":100,"caption":"Conservatorio di Musica \u201cGiuseppe Verdi\u201d"},"image":{"@id":"https:\/\/www.consmi.it\/#\/schema\/logo\/image\/"},"sameAs":["https:\/\/www.facebook.com\/ConservatorioMI\/","https:\/\/x.com\/ConservatorioMI","https:\/\/www.instagram.com\/conservatorio_milano\/","https:\/\/www.youtube.com\/channel\/UCiRafFpJ4Tak2lMHP-E9agw"]}]}},"_links":{"self":[{"href":"https:\/\/www.consmi.it\/en\/wp-json\/wp\/v2\/pages\/1218","targetHints":{"allow":["GET"]}}],"collection":[{"href":"https:\/\/www.consmi.it\/en\/wp-json\/wp\/v2\/pages"}],"about":[{"href":"https:\/\/www.consmi.it\/en\/wp-json\/wp\/v2\/types\/page"}],"author":[{"embeddable":true,"href":"https:\/\/www.consmi.it\/en\/wp-json\/wp\/v2\/users\/1"}],"replies":[{"embeddable":true,"href":"https:\/\/www.consmi.it\/en\/wp-json\/wp\/v2\/comments?post=1218"}],"version-history":[{"count":3,"href":"https:\/\/www.consmi.it\/en\/wp-json\/wp\/v2\/pages\/1218\/revisions"}],"predecessor-version":[{"id":6280,"href":"https:\/\/www.consmi.it\/en\/wp-json\/wp\/v2\/pages\/1218\/revisions\/6280"}],"up":[{"embeddable":true,"href":"https:\/\/www.consmi.it\/en\/wp-json\/wp\/v2\/pages\/1123"}],"wp:attachment":[{"href":"https:\/\/www.consmi.it\/en\/wp-json\/wp\/v2\/media?parent=1218"}],"curies":[{"name":"wp","href":"https:\/\/api.w.org\/{rel}","templated":true}]}}