{"id":1378,"date":"2025-11-13T15:01:31","date_gmt":"2025-11-13T15:01:31","guid":{"rendered":"https:\/\/www.consmi.it\/?page_id=1378"},"modified":"2026-02-24T14:10:01","modified_gmt":"2026-02-24T13:10:01","slug":"cataloghi","status":"publish","type":"page","link":"https:\/\/www.consmi.it\/en\/cataloghi\/","title":{"rendered":"Catalogues"},"content":{"rendered":"<style type=\"text\/css\" data-created_by=\"avia_inline_auto\" id=\"style-css-av-mhlwf2r7-cfbd4785d5a1e45fef426a3a56a06fef\">\n.avia-section.av-mhlwf2r7-cfbd4785d5a1e45fef426a3a56a06fef{\nbackground-repeat:no-repeat;\nbackground-image:url(https:\/\/www.consmi.it\/wp-content\/uploads\/2026\/02\/Biblioteca-14.jpg);\nbackground-position:50% 50%;\nbackground-attachment:scroll;\n}\n<\/style>\n<div id='av_section_1'  class='avia-section av-mhlwf2r7-cfbd4785d5a1e45fef426a3a56a06fef main_color avia-section-default avia-no-border-styling  avia-builder-el-0  el_before_av_section  avia-builder-el-first  avia-full-stretch avia-bg-style-scroll av-minimum-height av-minimum-height-50 av-height-50  container_wrap fullsize'  data-section-bg-repeat='stretch' data-av_minimum_height_pc='50' data-av_min_height_opt='50'><div class='container av-section-cont-open' ><main  role=\"main\" itemprop=\"mainContentOfPage\"  class='template-page content  av-content-full alpha units'><div class='post-entry post-entry-type-page post-entry-1378'><div class='entry-content-wrapper clearfix'>\n\n<style type=\"text\/css\" data-created_by=\"avia_inline_auto\" id=\"style-css-av-mhlxu31z-bac3ce266d27a1341175e4a0bd204ab7\">\n#top .av-special-heading.av-mhlxu31z-bac3ce266d27a1341175e4a0bd204ab7{\npadding-bottom:10px;\ncolor:#ffffff;\n}\nbody .av-special-heading.av-mhlxu31z-bac3ce266d27a1341175e4a0bd204ab7 .av-special-heading-tag .heading-char{\nfont-size:25px;\n}\n.av-special-heading.av-mhlxu31z-bac3ce266d27a1341175e4a0bd204ab7 .special-heading-inner-border{\nborder-color:#ffffff;\n}\n.av-special-heading.av-mhlxu31z-bac3ce266d27a1341175e4a0bd204ab7 .av-subheading{\nfont-size:15px;\n}\nbody .av-special-heading.av-mhlxu31z-bac3ce266d27a1341175e4a0bd204ab7 .av-special-heading-tag .heading-wrap:before{\nborder-color:#ffffff;\n}\nbody .av-special-heading.av-mhlxu31z-bac3ce266d27a1341175e4a0bd204ab7 .av-special-heading-tag .heading-wrap:after{\nborder-color:#ffffff;\n}\n\n@media only screen and (min-width: 990px){ \n#top #wrap_all .av-special-heading.av-mhlxu31z-bac3ce266d27a1341175e4a0bd204ab7 .av-special-heading-tag{\nfont-size:60px;\n}\n}\n<\/style>\n<div  class='av-special-heading av-mhlxu31z-bac3ce266d27a1341175e4a0bd204ab7 av-special-heading-h1 custom-color-heading blockquote classic-quote classic-quote-left  avia-builder-el-1  avia-builder-el-no-sibling'><h1 class='av-special-heading-tag'  itemprop=\"headline\"  >Catalogues<\/h1><div class=\"special-heading-border\"><div class=\"special-heading-inner-border\"><\/div><\/div><\/div>\n\n<\/div><\/div><\/main><!-- close content main element --><\/div><\/div>\n<style type=\"text\/css\" data-created_by=\"avia_inline_auto\" id=\"style-css-av-mhoscv0z-d1b2252281ac2a87da046177c26bd318\">\n.avia-section.av-mhoscv0z-d1b2252281ac2a87da046177c26bd318 .av-section-color-overlay{\nopacity:0.3;\nbackground-color:#ffffff;\n}\n<\/style>\n<div id='av_section_2'  class='avia-section av-mhoscv0z-d1b2252281ac2a87da046177c26bd318 main_color avia-section-default avia-no-border-styling  avia-builder-el-2  el_after_av_section  avia-builder-el-last  avia-bg-style-scroll av-section-color-overlay-active av-minimum-height av-minimum-height-25 av-height-25  container_wrap fullsize'   data-av_minimum_height_pc='25' data-av_min_height_opt='25'><div class=\"av-section-color-overlay-wrap\"><div class=\"av-section-color-overlay\"><\/div><div class='container av-section-cont-open' ><div class='template-page content  av-content-full alpha units'><div class='post-entry post-entry-type-page post-entry-1378'><div class='entry-content-wrapper clearfix'>\n<div  class='flex_column av-m594r-51570e17f7e395a18ab4e798b68ff027 av_one_full  avia-builder-el-3  avia-builder-el-no-sibling  first flex_column_div'     ><section  class='av_textblock_section av-mhnlbl4m-f0b6e3135cf106bdcd5f650b899286e1'   itemscope=\"itemscope\" itemtype=\"https:\/\/schema.org\/CreativeWork\" ><div class='avia_textblock'  itemprop=\"text\" ><h3><strong><a href=\"https:\/\/research.ebsco.com\/c\/f2yy2c\/search\" target=\"_blank\" rel=\"noopener\">NEW LIBRARY DISCOVERY TOOL<\/a><\/strong><\/h3>\n<p><strong><a href=\"https:\/\/research.ebsco.com\/c\/f2yy2c\/search\" target=\"_blank\" rel=\"noopener\">Discover the new online platform for library research!<br \/>\nSearch for articles, books, scores and other content in the library's print and digital holdings<\/a><\/strong><\/p>\n<h3><strong>L&#8217;OPAC\u00a0<em>(Online Public Access Catalogue)<\/em><\/strong><\/h3>\n<p>Per effettuare la ricerca di una risorsa bibliografica posseduta dalla biblioteca \u00e8 necessario collegarsi all&#8217;<strong><a href=\"https:\/\/opac.sbn.it\/opacsbn\/opac\/iccu\/avanzata.jsp\" target=\"_blank\" rel=\"noopener\">OPAC of the National Library Service<\/a><\/strong>\u00a0<strong>with Library Filter MI0344.<\/strong><br \/>\n(E&#8217; possibile utilizzare anche\u00a0<a href=\"https:\/\/cloud.sbn.it\/opac2\/LO1\/09\/ricercaAvanzata\" target=\"_blank\" rel=\"noopener\">l\u2019OPAC del Polo della Regione Lombardia<\/a>).<strong><br \/>\nSome suggestions for starting your search in SBN can be found in the attached tab at the bottom of this page.<\/strong><\/p>\n<h3><strong>Esemplari con inventario &#8220;ZZZ&#8221; e collocazione &#8220;RECUPERO&#8221;<\/strong><\/h3>\n<p>Per alcuni documenti non \u00e8 visibile la collocazione (esemplari con inventario ZZZ e collocazione RECUPERO); in attesa di completare il recupero di questi record, \u00e8 necessario cercare il medesimo documento nell\u2019<a href=\"http:\/\/opac.sbn.it\/opacsbn\/opac\/iccu\/avanzata.jsp\" target=\"_blank\" rel=\"noopener\">SBN OPAC<\/a> or request placement by writing to:<br \/>\n<a href=\"mailto:servizi.biblioeca@consmilano.it\">servizi.biblioteca@consmilano.it<\/a><strong>\u00a0<\/strong><\/p>\n<h3><strong>Card Catalogue for Authors<\/strong><\/h3>\n<p>In the case of\u00a0<strong>music editions (printed music) entered in the Library between 1900 and 1990<\/strong>\u00a0la ricerca in OPAC SBN potrebbe dare esito negativo (non \u00e8 ancora stato completato il recupero del pregresso); si pu\u00f2 pertanto utilizzare il catalogo per autori a schede<strong>\u00a0<\/strong>available in the Library.<\/p>\n<p>Since November 2020, the Library has started a project of\u00a0<a href=\"http:\/\/search.bibliotecadigitale.consmilano.it\/handle\/20.500.12459\/3443\" target=\"_blank\" rel=\"noopener\">digitisation of the catalogue<\/a> tabs.<strong>\u00a0<\/strong><\/p>\n<h3><strong>Catalogo nazionale a schede dei manoscritti musicali dell&#8217;URFM<\/strong><\/h3>\n<p>Per la ricerca su manoscritti musicali, oltre all&#8217;OPAC SBN, pu\u00f2 essere utile consultare le schede del catalogo nazionale dei manoscritti musicali dell&#8217;URFM che sono state digitalizzate e sono disponibile a questo <a href=\"http:\/\/www.urfm.braidense.it\/cataloghi\/catalogomss.php\" target=\"_blank\" rel=\"noopener\">address.<\/a><\/p>\n<p>Oltre alla ricerca per campi (autore, titolo, forma, organico, tonalit\u00e0, numero d&#8217;opera) \u00e8 anche possibile scorrere &#8211; virtualmente &#8211; i cassetti del catalogo<\/p>\n<h3><strong>RISM online catalogue\u00a0<em>R\u00e9pertoire International des Sources Musicales<\/em><br \/>\n<\/strong><\/h3>\n<p>The\u00a0<a href=\"https:\/\/opac.rism.info\/metaopac\/start.do?View=rism&amp;SearchType=2&amp;Language=de\" target=\"_blank\" rel=\"noopener\">RISM online catalogue<\/a>\u00a0contains bibliographic records of music manuscripts, printed editions, librettos and treatises on music.<\/p>\n<p>Il RISM \u00e8 strutturato in\u00a0<a href=\"https:\/\/rism.info\/publications.html\" target=\"_blank\" rel=\"noopener\">3 sections<\/a>\u00a0(A series:\u00a0<em>Inventories of musical sources<\/em>; B series:\u00a0<em>Bibliographies organised by topic;<\/em>\u00a0C series:\u00a0<em>Directory of Music Research Libraries<\/em>); the A\/1 and A\/2 series and part of the B\/1 series are fully searchable online<\/p>\n<h3><strong>Online subscription resources and directories<\/strong><\/h3>\n<p>La Biblioteca garantisce ai propri utenti l\u2019accesso a\u00a0<a href=\"https:\/\/www.consmi.it\/en\/risorse-e-repertori-online\/\">databases, bibliographic directories, journals, ebooks and other digital subscription collections<\/a>,\u00a0tramite i pc disponibili per gli utenti in Biblioteca oppure tramite wifi.<\/p>\n<p>Per studenti e docenti del Conservatorio l\u2019accesso a tali risorse \u00e8 possibile anche da remoto tramite\u00a0<em>proxy server<br \/>\n<\/em>(chiedere le credenziali di accesso al proxy via mail all\u2019indirizzo: <a href=\"mailto:servizi.biblioteca@consmilano.it\">servizi.biblioteca@consmilano.it<\/a>)<\/p>\n<h3><strong>\u00a0<\/strong><strong>Digital library<\/strong><\/h3>\n<p>\u00c8 possibile fare una ricerca anche nella nostra\u00a0<a href=\"http:\/\/search.bibliotecadigitale.consmilano.it\/\" target=\"_blank\" rel=\"noopener\">Digital Library<\/a>, che comprende la riproduzione di alcune risorse bibliografiche possedute dalla Biblioteca. Il link alla biblioteca digitale \u00e8 comunque presente anche nei record in SBN di cui \u00e8 disponibile l&#8217;oggetto digitale.<\/p>\n<h3><strong>MetaOPAC<\/strong><\/h3>\n<p>Se la risorsa individuata non c\u2019\u00e8 nella nostra biblioteca \u00e8 possibile fare la ricerca in OPAC SBN senza filtro MI0344, oppure consulta un MetaOPAC, cio\u00e8 un catalogo online che interroga pi\u00f9 OPAC contemporaneamente:<\/p>\n<ul>\n<li><a href=\"https:\/\/kvk.bibliothek.kit.edu\/\" target=\"_blank\" rel=\"noopener\">International MetaOPAC<\/a>: MetaOPAC dell\u2019Universit\u00e0 di Karlsruhe in Germania<\/li>\n<\/ul>\n<p>Identify the libraries that hold that title and write an e-mail to: <a href=\"mailto:servizi.biblioeca@consmilano.it\">servizi.biblioteca@consmilano.it<\/a><br \/>\n(We will ask for a<em>\u00a0Document Delivery<\/em>\u00a0or an Interlibrary Loan)<\/p>\n<\/div><\/section><br \/>\n<div  class='avia-icon-list-container av-mhxk4b6b-80c53ec4ab7bc920b5a3483a55d7ae66  avia-builder-el-5  el_after_av_textblock  avia-builder-el-last'><ul class='avia-icon-list avia_animate_when_almost_visible avia-icon-list-left av-iconlist-big av-mhxk4b6b-80c53ec4ab7bc920b5a3483a55d7ae66 avia-iconlist-animate'>\n<li><a href='https:\/\/www.consmi.it\/wp-content\/uploads\/2026\/02\/Info_RICERCAcataloghi_2026.pdf' title='Searching library catalogues'  target=\"_blank\"  rel=\"noopener noreferrer\" class='iconlist_icon av-mhxk48ry-9b4eb343afa8989a169fdf4d3152848b avia-font-svg_entypo-fontello avia-svg-icon avia-font-svg_entypo-fontello'><span class='av-icon-char' data-av_svg_icon='download' data-av_iconset='svg_entypo-fontello'><svg version=\"1.1\" xmlns=\"http:\/\/www.w3.org\/2000\/svg\" width=\"32\" height=\"32\" viewbox=\"0 0 32 32\" preserveaspectratio=\"xMidYMid meet\" aria-labelledby='av-svg-title-1' aria-describedby='av-svg-desc-1' role=\"graphics-symbol\" aria-hidden=\"true\">\n<title id='av-svg-title-1'>Download<\/title>\n<desc id='av-svg-desc-1'>Download<\/desc>\n<path d=\"M30.976 20.864q0.576 0.32 0.864 1.024t0.096 1.28l-0.896 4.928q-0.128 0.64-0.704 1.056t-1.28 0.416h-26.112q-0.704 0-1.28-0.416t-0.704-1.056l-0.896-4.928q-0.32-1.536 1.024-2.304l5.056-3.456h3.136l-5.44 4.16h5.696q0.256 0 0.384 0.256l1.28 3.52h9.6l1.28-3.52q0.256-0.256 0.384-0.256h5.696l-5.44-4.16h3.136zM24.32 10.56l-8.32 7.808-8.32-7.808h5.312v-8.192h6.080v8.192h5.248z\"><\/path>\n<\/svg><\/span><\/a><article class=\"article-icon-entry\"  itemscope=\"itemscope\" itemtype=\"https:\/\/schema.org\/CreativeWork\" ><div class=\"iconlist_content_wrap\"><header class=\"entry-content-header\" aria-label=\"Icon: &lt;a href=&#039;https:\/\/www.consmi.it\/wp-content\/uploads\/2026\/02\/Info_RICERCAcataloghi_2026.pdf&#039; title=&#039;Searching library catalogues&#039; target=&quot;_blank&quot;  rel=&quot;noopener noreferrer&quot;&gt;Searching library catalogues&lt;\/a&gt;\"><h4 class='av_iconlist_title iconlist_title'  itemprop=\"headline\" ><a href='https:\/\/www.consmi.it\/wp-content\/uploads\/2026\/02\/Info_RICERCAcataloghi_2026.pdf' title='Searching library catalogues' target=\"_blank\"  rel=\"noopener noreferrer\">Searching library catalogues<\/a><\/h4><\/header><div class='iconlist_content'  itemprop=\"text\" ><p>2 Mb<\/p>\n<\/div><\/div><footer class=\"entry-footer\"><\/footer><\/article><div class=\"iconlist-timeline\"><\/div><\/li>\n<\/ul><\/div><\/p><\/div>","protected":false},"excerpt":{"rendered":"","protected":false},"author":1,"featured_media":0,"parent":0,"menu_order":0,"comment_status":"closed","ping_status":"closed","template":"","meta":{"_acf_changed":false,"footnotes":""},"class_list":["post-1378","page","type-page","status-publish","hentry"],"acf":[],"yoast_head":"<!-- This site is optimized with the Yoast SEO plugin v27.3 - https:\/\/yoast.com\/product\/yoast-seo-wordpress\/ -->\n<title>Cataloghi del Conservatorio Milano<\/title>\n<meta name=\"description\" content=\"TOOL DELLA BIBLIOTECA del Conservatorio di Milano \u00e8 la nuova piattaforma online per la ricerca in biblioteca!\" \/>\n<meta name=\"robots\" content=\"index, follow, max-snippet:-1, max-image-preview:large, max-video-preview:-1\" \/>\n<link rel=\"canonical\" href=\"https:\/\/www.consmi.it\/en\/cataloghi\/\" \/>\n<meta property=\"og:locale\" content=\"en_GB\" \/>\n<meta property=\"og:type\" content=\"article\" \/>\n<meta property=\"og:title\" content=\"Cataloghi del Conservatorio Milano\" \/>\n<meta property=\"og:description\" content=\"TOOL DELLA BIBLIOTECA del Conservatorio di Milano \u00e8 la nuova piattaforma online per la ricerca in biblioteca!\" \/>\n<meta property=\"og:url\" content=\"https:\/\/www.consmi.it\/en\/cataloghi\/\" \/>\n<meta property=\"og:site_name\" content=\"Conservatorio Milano\" \/>\n<meta property=\"article:publisher\" content=\"https:\/\/www.facebook.com\/ConservatorioMI\/\" \/>\n<meta property=\"article:modified_time\" content=\"2026-02-24T13:10:01+00:00\" \/>\n<meta name=\"twitter:card\" content=\"summary_large_image\" \/>\n<meta name=\"twitter:site\" content=\"@ConservatorioMI\" \/>\n<meta name=\"twitter:label1\" content=\"Estimated reading time\" \/>\n\t<meta name=\"twitter:data1\" content=\"3 minutes\" \/>\n<script type=\"application\/ld+json\" class=\"yoast-schema-graph\">{\"@context\":\"https:\\\/\\\/schema.org\",\"@graph\":[{\"@type\":\"WebPage\",\"@id\":\"https:\\\/\\\/www.consmi.it\\\/cataloghi\\\/\",\"url\":\"https:\\\/\\\/www.consmi.it\\\/cataloghi\\\/\",\"name\":\"Cataloghi del Conservatorio Milano\",\"isPartOf\":{\"@id\":\"https:\\\/\\\/www.consmi.it\\\/#website\"},\"datePublished\":\"2025-11-13T15:01:31+00:00\",\"dateModified\":\"2026-02-24T13:10:01+00:00\",\"description\":\"TOOL DELLA BIBLIOTECA del Conservatorio di Milano \u00e8 la nuova piattaforma online per la ricerca in biblioteca!\",\"breadcrumb\":{\"@id\":\"https:\\\/\\\/www.consmi.it\\\/cataloghi\\\/#breadcrumb\"},\"inLanguage\":\"en-GB\",\"potentialAction\":[{\"@type\":\"ReadAction\",\"target\":[\"https:\\\/\\\/www.consmi.it\\\/cataloghi\\\/\"]}]},{\"@type\":\"BreadcrumbList\",\"@id\":\"https:\\\/\\\/www.consmi.it\\\/cataloghi\\\/#breadcrumb\",\"itemListElement\":[{\"@type\":\"ListItem\",\"position\":1,\"name\":\"Home\",\"item\":\"https:\\\/\\\/www.consmi.it\\\/homepage\\\/\"},{\"@type\":\"ListItem\",\"position\":2,\"name\":\"Cataloghi\"}]},{\"@type\":\"WebSite\",\"@id\":\"https:\\\/\\\/www.consmi.it\\\/#website\",\"url\":\"https:\\\/\\\/www.consmi.it\\\/\",\"name\":\"Conservatorio Milano\",\"description\":\"Conservatorio di Musica Giuseppe Verdi\",\"publisher\":{\"@id\":\"https:\\\/\\\/www.consmi.it\\\/#organization\"},\"potentialAction\":[{\"@type\":\"SearchAction\",\"target\":{\"@type\":\"EntryPoint\",\"urlTemplate\":\"https:\\\/\\\/www.consmi.it\\\/?s={search_term_string}\"},\"query-input\":{\"@type\":\"PropertyValueSpecification\",\"valueRequired\":true,\"valueName\":\"search_term_string\"}}],\"inLanguage\":\"en-GB\"},{\"@type\":\"Organization\",\"@id\":\"https:\\\/\\\/www.consmi.it\\\/#organization\",\"name\":\"Conservatorio di Musica \u201cGiuseppe Verdi\u201d\",\"url\":\"https:\\\/\\\/www.consmi.it\\\/\",\"logo\":{\"@type\":\"ImageObject\",\"inLanguage\":\"en-GB\",\"@id\":\"https:\\\/\\\/www.consmi.it\\\/#\\\/schema\\\/logo\\\/image\\\/\",\"url\":\"https:\\\/\\\/www.consmi.it\\\/wp-content\\\/uploads\\\/2025\\\/10\\\/logo-favicon-1.jpg\",\"contentUrl\":\"https:\\\/\\\/www.consmi.it\\\/wp-content\\\/uploads\\\/2025\\\/10\\\/logo-favicon-1.jpg\",\"width\":100,\"height\":100,\"caption\":\"Conservatorio di Musica \u201cGiuseppe Verdi\u201d\"},\"image\":{\"@id\":\"https:\\\/\\\/www.consmi.it\\\/#\\\/schema\\\/logo\\\/image\\\/\"},\"sameAs\":[\"https:\\\/\\\/www.facebook.com\\\/ConservatorioMI\\\/\",\"https:\\\/\\\/x.com\\\/ConservatorioMI\",\"https:\\\/\\\/www.instagram.com\\\/conservatorio_milano\\\/\",\"https:\\\/\\\/www.youtube.com\\\/channel\\\/UCiRafFpJ4Tak2lMHP-E9agw\"]}]}<\/script>\n<!-- \/ Yoast SEO plugin. -->","yoast_head_json":{"title":"Cataloghi del Conservatorio Milano","description":"TOOL DELLA BIBLIOTECA del Conservatorio di Milano \u00e8 la nuova piattaforma online per la ricerca in biblioteca!","robots":{"index":"index","follow":"follow","max-snippet":"max-snippet:-1","max-image-preview":"max-image-preview:large","max-video-preview":"max-video-preview:-1"},"canonical":"https:\/\/www.consmi.it\/en\/cataloghi\/","og_locale":"en_GB","og_type":"article","og_title":"Cataloghi del Conservatorio Milano","og_description":"TOOL DELLA BIBLIOTECA del Conservatorio di Milano \u00e8 la nuova piattaforma online per la ricerca in biblioteca!","og_url":"https:\/\/www.consmi.it\/en\/cataloghi\/","og_site_name":"Conservatorio Milano","article_publisher":"https:\/\/www.facebook.com\/ConservatorioMI\/","article_modified_time":"2026-02-24T13:10:01+00:00","twitter_card":"summary_large_image","twitter_site":"@ConservatorioMI","twitter_misc":{"Estimated reading time":"3 minutes"},"schema":{"@context":"https:\/\/schema.org","@graph":[{"@type":"WebPage","@id":"https:\/\/www.consmi.it\/cataloghi\/","url":"https:\/\/www.consmi.it\/cataloghi\/","name":"Cataloghi del Conservatorio Milano","isPartOf":{"@id":"https:\/\/www.consmi.it\/#website"},"datePublished":"2025-11-13T15:01:31+00:00","dateModified":"2026-02-24T13:10:01+00:00","description":"TOOL DELLA BIBLIOTECA del Conservatorio di Milano \u00e8 la nuova piattaforma online per la ricerca in biblioteca!","breadcrumb":{"@id":"https:\/\/www.consmi.it\/cataloghi\/#breadcrumb"},"inLanguage":"en-GB","potentialAction":[{"@type":"ReadAction","target":["https:\/\/www.consmi.it\/cataloghi\/"]}]},{"@type":"BreadcrumbList","@id":"https:\/\/www.consmi.it\/cataloghi\/#breadcrumb","itemListElement":[{"@type":"ListItem","position":1,"name":"Home","item":"https:\/\/www.consmi.it\/homepage\/"},{"@type":"ListItem","position":2,"name":"Cataloghi"}]},{"@type":"WebSite","@id":"https:\/\/www.consmi.it\/#website","url":"https:\/\/www.consmi.it\/","name":"Milan Conservatory","description":"Giuseppe Verdi Conservatory of Music","publisher":{"@id":"https:\/\/www.consmi.it\/#organization"},"potentialAction":[{"@type":"SearchAction","target":{"@type":"EntryPoint","urlTemplate":"https:\/\/www.consmi.it\/?s={search_term_string}"},"query-input":{"@type":"PropertyValueSpecification","valueRequired":true,"valueName":"search_term_string"}}],"inLanguage":"en-GB"},{"@type":"Organization","@id":"https:\/\/www.consmi.it\/#organization","name":"Giuseppe Verdi\u201c Conservatory of Music\u201d","url":"https:\/\/www.consmi.it\/","logo":{"@type":"ImageObject","inLanguage":"en-GB","@id":"https:\/\/www.consmi.it\/#\/schema\/logo\/image\/","url":"https:\/\/www.consmi.it\/wp-content\/uploads\/2025\/10\/logo-favicon-1.jpg","contentUrl":"https:\/\/www.consmi.it\/wp-content\/uploads\/2025\/10\/logo-favicon-1.jpg","width":100,"height":100,"caption":"Conservatorio di Musica \u201cGiuseppe Verdi\u201d"},"image":{"@id":"https:\/\/www.consmi.it\/#\/schema\/logo\/image\/"},"sameAs":["https:\/\/www.facebook.com\/ConservatorioMI\/","https:\/\/x.com\/ConservatorioMI","https:\/\/www.instagram.com\/conservatorio_milano\/","https:\/\/www.youtube.com\/channel\/UCiRafFpJ4Tak2lMHP-E9agw"]}]}},"_links":{"self":[{"href":"https:\/\/www.consmi.it\/en\/wp-json\/wp\/v2\/pages\/1378","targetHints":{"allow":["GET"]}}],"collection":[{"href":"https:\/\/www.consmi.it\/en\/wp-json\/wp\/v2\/pages"}],"about":[{"href":"https:\/\/www.consmi.it\/en\/wp-json\/wp\/v2\/types\/page"}],"author":[{"embeddable":true,"href":"https:\/\/www.consmi.it\/en\/wp-json\/wp\/v2\/users\/1"}],"replies":[{"embeddable":true,"href":"https:\/\/www.consmi.it\/en\/wp-json\/wp\/v2\/comments?post=1378"}],"version-history":[{"count":12,"href":"https:\/\/www.consmi.it\/en\/wp-json\/wp\/v2\/pages\/1378\/revisions"}],"predecessor-version":[{"id":6594,"href":"https:\/\/www.consmi.it\/en\/wp-json\/wp\/v2\/pages\/1378\/revisions\/6594"}],"wp:attachment":[{"href":"https:\/\/www.consmi.it\/en\/wp-json\/wp\/v2\/media?parent=1378"}],"curies":[{"name":"wp","href":"https:\/\/api.w.org\/{rel}","templated":true}]}}